{"id":9562,"date":"2022-10-13T09:36:20","date_gmt":"2022-10-13T08:36:20","guid":{"rendered":"https:\/\/de.picnicfulfilment.app\/?page_id=9562"},"modified":"2023-07-03T14:26:54","modified_gmt":"2023-07-03T13:26:54","slug":"jobs-innerhalb-des-fcs","status":"publish","type":"page","link":"http:\/\/de.shopper.picnicwikis.app\/en\/jobs-innerhalb-des-fcs\/","title":{"rendered":"? Jobs within the FC"},"content":{"rendered":"<div data-elementor-type=\"wp-page\" data-elementor-id=\"9562\" class=\"elementor elementor-9562\">\n\t\t\t\t\t\t<section class=\"elementor-section elementor-top-section elementor-element elementor-element-3af946f elementor-section-full_width elementor-section-height-default elementor-section-height-default\" data-id=\"3af946f\" data-element_type=\"section\">\n\t\t\t\t\t\t<div class=\"elementor-container elementor-column-gap-default\">\n\t\t\t\t\t<div class=\"elementor-column elementor-col-100 elementor-top-column elementor-element elementor-element-49e1c9f2\" data-id=\"49e1c9f2\" data-element_type=\"column\">\n\t\t\t<div class=\"elementor-widget-wrap elementor-element-populated\">\n\t\t\t\t\t\t<div class=\"elementor-element elementor-element-35168a87 elementor-widget elementor-widget-image\" data-id=\"35168a87\" data-element_type=\"widget\" data-widget_type=\"image.default\">\n\t\t\t\t<div class=\"elementor-widget-container\">\n\t\t\t\t\t\t\t\t\t\t\t\t\t<img fetchpriority=\"high\" decoding=\"async\" width=\"2560\" height=\"582\" src=\"http:\/\/de.shopper.picnicwikis.app\/wp-content\/uploads\/sites\/32\/2023\/07\/DE-Shoppers-Friends-3-scaled-1.jpg\" class=\"attachment-full size-full wp-image-10224\" alt=\"\" srcset=\"http:\/\/de.shopper.picnicwikis.app\/wp-content\/uploads\/sites\/32\/2023\/07\/DE-Shoppers-Friends-3-scaled-1.jpg 2560w, http:\/\/de.shopper.picnicwikis.app\/wp-content\/uploads\/sites\/32\/2023\/07\/DE-Shoppers-Friends-3-scaled-1-300x68.jpg 300w, http:\/\/de.shopper.picnicwikis.app\/wp-content\/uploads\/sites\/32\/2023\/07\/DE-Shoppers-Friends-3-scaled-1-1024x233.jpg 1024w, http:\/\/de.shopper.picnicwikis.app\/wp-content\/uploads\/sites\/32\/2023\/07\/DE-Shoppers-Friends-3-scaled-1-768x175.jpg 768w, http:\/\/de.shopper.picnicwikis.app\/wp-content\/uploads\/sites\/32\/2023\/07\/DE-Shoppers-Friends-3-scaled-1-1536x349.jpg 1536w, http:\/\/de.shopper.picnicwikis.app\/wp-content\/uploads\/sites\/32\/2023\/07\/DE-Shoppers-Friends-3-scaled-1-2048x466.jpg 2048w, http:\/\/de.shopper.picnicwikis.app\/wp-content\/uploads\/sites\/32\/2023\/07\/DE-Shoppers-Friends-3-scaled-1-18x4.jpg 18w\" sizes=\"(max-width: 2560px) 100vw, 2560px\" \/>\t\t\t\t\t\t\t\t\t\t\t\t\t<\/div>\n\t\t\t\t<\/div>\n\t\t\t\t\t<\/div>\n\t\t<\/div>\n\t\t\t\t\t<\/div>\n\t\t<\/section>\n\t\t\t\t<section class=\"elementor-section elementor-top-section elementor-element elementor-element-8267999 elementor-section-boxed elementor-section-height-default elementor-section-height-default\" data-id=\"8267999\" data-element_type=\"section\">\n\t\t\t\t\t\t<div class=\"elementor-container elementor-column-gap-default\">\n\t\t\t\t\t<div class=\"elementor-column elementor-col-33 elementor-top-column elementor-element elementor-element-1e87a68 elementor-hidden-tablet elementor-hidden-mobile\" data-id=\"1e87a68\" data-element_type=\"column\">\n\t\t\t<div class=\"elementor-widget-wrap elementor-element-populated\">\n\t\t\t\t\t\t<div class=\"elementor-element elementor-element-5d1c35a elementor-widget elementor-widget-heading\" data-id=\"5d1c35a\" data-element_type=\"widget\" data-widget_type=\"heading.default\">\n\t\t\t\t<div class=\"elementor-widget-container\">\n\t\t\t<h2 class=\"elementor-heading-title elementor-size-default\">Learning &amp; Development<\/h2>\t\t<\/div>\n\t\t\t\t<\/div>\n\t\t\t\t<div class=\"elementor-element elementor-element-669851c uael-nav-menu__align-left uael-submenu-open-hover uael-submenu-icon-arrow uael-submenu-animation-none uael-link-redirect-child uael-nav-menu__breakpoint-tablet uael-nav-menu-toggle-label-no elementor-widget elementor-widget-uael-nav-menu\" data-id=\"669851c\" data-element_type=\"widget\" data-widget_type=\"uael-nav-menu.default\">\n\t\t\t\t<div class=\"elementor-widget-container\">\n\t\t\t\t\t<div class=\"uael-nav-menu uael-layout-horizontal uael-nav-menu-layout uael-pointer__none\" data-layout=\"horizontal\">\r\n\t\t\t\t<div class=\"uael-nav-menu__toggle elementor-clickable\">\r\n\t\t\t\t\t<div class=\"uael-nav-menu-icon\">\r\n\t\t\t\t\t\t<i aria-hidden=\"true\" tabindex=\"0\" class=\"fas fa-align-justify\"><\/i>\t\t\t\t\t<\/div>\r\n\t\t\t\t\t\t\t\t\t<\/div>\r\n\t\t\t\t\t\t\t<nav class=\"uael-nav-menu__layout-horizontal uael-nav-menu__submenu-arrow\" data-toggle-icon=\"&lt;i aria-hidden=&quot;true&quot; tabindex=&quot;0&quot; class=&quot;fas fa-align-justify&quot;&gt;&lt;\/i&gt;\" data-close-icon=\"&lt;i aria-hidden=&quot;true&quot; tabindex=&quot;0&quot; class=&quot;far fa-window-close&quot;&gt;&lt;\/i&gt;\" data-full-width=\"yes\"><ul id=\"menu-1-669851c\" class=\"uael-nav-menu\"><li id=\"menu-item-9572\" class=\"menu-item menu-item-type-post_type menu-item-object-page parent uael-creative-menu\"><a href=\"http:\/\/de.shopper.picnicwikis.app\/en\/recruiting-team\/\" class = \"uael-menu-item\">? Recruiting Team<\/a><\/li>\n<li id=\"menu-item-9394\" class=\"menu-item menu-item-type-post_type menu-item-object-page parent uael-creative-menu\"><a href=\"http:\/\/de.shopper.picnicwikis.app\/en\/praktika-und-werkstudentenjobs\/\" class = \"uael-menu-item\">? Internships and working student jobs<\/a><\/li>\n<li id=\"menu-item-9576\" class=\"menu-item menu-item-type-post_type menu-item-object-page parent uael-creative-menu\"><a href=\"http:\/\/de.shopper.picnicwikis.app\/en\/jobs-innerhalb-des-fcs\/\" class = \"uael-menu-item\">? Jobs within the FC<\/a><\/li>\n<li id=\"menu-item-9575\" class=\"menu-item menu-item-type-post_type menu-item-object-page parent uael-creative-menu\"><a href=\"http:\/\/de.shopper.picnicwikis.app\/en\/andere-rollen-bei-picnic\/\" class = \"uael-menu-item\">? Other roles at Picnic<\/a><\/li>\n<li id=\"menu-item-9393\" class=\"menu-item menu-item-type-post_type menu-item-object-page parent uael-creative-menu\"><a href=\"http:\/\/de.shopper.picnicwikis.app\/en\/picnic-academy-2\/\" class = \"uael-menu-item\">? Picnic Academy<\/a><\/li>\n<\/ul><\/nav>\r\n\t\t\t\t\t<\/div>\r\n\t\t\t\t\t<\/div>\n\t\t\t\t<\/div>\n\t\t\t\t\t<\/div>\n\t\t<\/div>\n\t\t\t\t<div class=\"elementor-column elementor-col-66 elementor-top-column elementor-element elementor-element-5e2aa33\" data-id=\"5e2aa33\" data-element_type=\"column\">\n\t\t\t<div class=\"elementor-widget-wrap elementor-element-populated\">\n\t\t\t\t\t\t<div class=\"elementor-element elementor-element-7ad93f7 elementor-widget elementor-widget-heading\" data-id=\"7ad93f7\" data-element_type=\"widget\" data-widget_type=\"heading.default\">\n\t\t\t\t<div class=\"elementor-widget-container\">\n\t\t\t<h2 class=\"elementor-heading-title elementor-size-default\">\ud83d\ude9a Jobs innerhalb des FCs<\/h2>\t\t<\/div>\n\t\t\t\t<\/div>\n\t\t\t\t<div class=\"elementor-element elementor-element-db46d1d elementor-widget elementor-widget-text-editor\" data-id=\"db46d1d\" data-element_type=\"widget\" data-widget_type=\"text-editor.default\">\n\t\t\t\t<div class=\"elementor-widget-container\">\n\t\t\t\t\t\t\t<p><span style=\"font-weight: 400;\">Your heart beats for everyday FC life, the daily challenges and the many faces on site? Do you also want to develop professionally and take on more responsibility? Great! There are various ways in which you can develop internally. You can always ask your leadership about further training opportunities. Apart from that, there's bound to be a vacancy or two hidden in our <strong><a href=\"https:\/\/de.picnicfulfilment.app\/de\/recruiting-team\/\" target=\"_blank\" rel=\"noopener\">job board<\/a><\/strong>.<\/span><\/p>\t\t\t\t\t\t<\/div>\n\t\t\t\t<\/div>\n\t\t\t\t<div class=\"elementor-element elementor-element-54365f2 elementor-widget elementor-widget-toggle\" data-id=\"54365f2\" data-element_type=\"widget\" data-widget_type=\"toggle.default\">\n\t\t\t\t<div class=\"elementor-widget-container\">\n\t\t\t\t\t<div class=\"elementor-toggle\">\n\t\t\t\t\t\t\t<div class=\"elementor-toggle-item\">\n\t\t\t\t\t<div id=\"elementor-tab-title-8831\" class=\"elementor-tab-title\" data-tab=\"1\" role=\"button\" aria-controls=\"elementor-tab-content-8831\" aria-expanded=\"false\">\n\t\t\t\t\t\t\t\t\t\t\t\t<span class=\"elementor-toggle-icon elementor-toggle-icon-left\" aria-hidden=\"true\">\n\t\t\t\t\t\t\t\t\t\t\t\t\t\t\t<span class=\"elementor-toggle-icon-closed\"><i class=\"fas fa-caret-right\"><\/i><\/span>\n\t\t\t\t\t\t\t\t<span class=\"elementor-toggle-icon-opened\"><i class=\"elementor-toggle-icon-opened fas fa-caret-up\"><\/i><\/span>\n\t\t\t\t\t\t\t\t\t\t\t\t\t<\/span>\n\t\t\t\t\t\t\t\t\t\t\t\t<a class=\"elementor-toggle-title\" tabindex=\"0\">Captain<\/a>\n\t\t\t\t\t<\/div>\n\n\t\t\t\t\t<div id=\"elementor-tab-content-8831\" class=\"elementor-tab-content elementor-clearfix\" data-tab=\"1\" role=\"region\" aria-labelledby=\"elementor-tab-title-8831\"><p>Our Captains are responsible for a team of around 20 Shoppers. In doing so, they ensure that the work is done safely and efficiently. Captains also know how to motivate their team, strengthen team spirit and ensure a good working atmosphere in which every team member feels comfortable. As the first point of contact for Shoppers, Captains always have an open ear for them and know how to help them with any concerns.<\/p><p>They not only coordinate their team, but also keep an overview of the entire department. By working together with the other Captains and the SV, they ensure that the entire FC achieves the daily goals. Overall, they thus always ensure a smooth process in our FCs.<\/p><\/div>\n\t\t\t\t<\/div>\n\t\t\t\t\t\t\t<div class=\"elementor-toggle-item\">\n\t\t\t\t\t<div id=\"elementor-tab-title-8832\" class=\"elementor-tab-title\" data-tab=\"2\" role=\"button\" aria-controls=\"elementor-tab-content-8832\" aria-expanded=\"false\">\n\t\t\t\t\t\t\t\t\t\t\t\t<span class=\"elementor-toggle-icon elementor-toggle-icon-left\" aria-hidden=\"true\">\n\t\t\t\t\t\t\t\t\t\t\t\t\t\t\t<span class=\"elementor-toggle-icon-closed\"><i class=\"fas fa-caret-right\"><\/i><\/span>\n\t\t\t\t\t\t\t\t<span class=\"elementor-toggle-icon-opened\"><i class=\"elementor-toggle-icon-opened fas fa-caret-up\"><\/i><\/span>\n\t\t\t\t\t\t\t\t\t\t\t\t\t<\/span>\n\t\t\t\t\t\t\t\t\t\t\t\t<a class=\"elementor-toggle-title\" tabindex=\"0\">Supervisor<\/a>\n\t\t\t\t\t<\/div>\n\n\t\t\t\t\t<div id=\"elementor-tab-content-8832\" class=\"elementor-tab-content elementor-clearfix\" data-tab=\"2\" role=\"region\" aria-labelledby=\"elementor-tab-title-8832\"><p>Our SVs are born leaders and know how to motivate and keep their team of 120+ Shoppers per shift together. They make sure that all processes run like clockwork and that the team is always happy and motivated. They are true organisational talents and always keep a cool head. Even when things get busy in the FC, they know how to solve problems in no time at all in order to keep the day running smoothly. They manage this together with their team of Captains, who are each responsible for a team of Shoppers.<\/p><p>Besides working on the floor, our SVs work on all kinds of exciting projects to increase the efficiency of our FCs. As project managers, they are responsible for implementing improvement processes and work not only with colleagues from the warehouse, but also with Software Developers and Analysts, because together they know exactly where there is potential for optimisation.<\/p><\/div>\n\t\t\t\t<\/div>\n\t\t\t\t\t\t\t\t<\/div>\n\t\t\t\t<\/div>\n\t\t\t\t<\/div>\n\t\t\t\t\t<\/div>\n\t\t<\/div>\n\t\t\t\t\t<\/div>\n\t\t<\/section>\n\t\t\t\t<section class=\"elementor-section elementor-top-section elementor-element elementor-element-2f34309 elementor-section-boxed elementor-section-height-default elementor-section-height-default\" data-id=\"2f34309\" data-element_type=\"section\">\n\t\t\t\t\t\t<div class=\"elementor-container elementor-column-gap-default\">\n\t\t\t\t\t<div class=\"elementor-column elementor-col-100 elementor-top-column elementor-element elementor-element-0fb7c44\" data-id=\"0fb7c44\" data-element_type=\"column\">\n\t\t\t<div class=\"elementor-widget-wrap elementor-element-populated\">\n\t\t\t\t\t\t<div class=\"elementor-element elementor-element-c784c48 elementor-widget elementor-widget-spacer\" data-id=\"c784c48\" data-element_type=\"widget\" data-widget_type=\"spacer.default\">\n\t\t\t\t<div class=\"elementor-widget-container\">\n\t\t\t\t\t<div class=\"elementor-spacer\">\n\t\t\t<div class=\"elementor-spacer-inner\"><\/div>\n\t\t<\/div>\n\t\t\t\t<\/div>\n\t\t\t\t<\/div>\n\t\t\t\t\t<\/div>\n\t\t<\/div>\n\t\t\t\t\t<\/div>\n\t\t<\/section>\n\t\t\t\t<\/div>","protected":false},"excerpt":{"rendered":"<p>Learning &#038; Development ? Recruiting Team ? Praktika und Werkstudentenjobs ? Jobs innerhalb des FCs ? Andere Rollen bei Picnic ? Picnic Academy ? Jobs innerhalb des FCs Dein Herz schl\u00e4gt f\u00fcr den FC Alltag, die t\u00e4glichen Herausforderungen und die vielen Gesichter vor Ort? Noch dazu willst du dich beruflich weiterentwickeln und mehr Verantwortung \u00fcbernehmen? &hellip;<\/p>\n<p class=\"read-more\"> <a class=\"\" href=\"http:\/\/de.shopper.picnicwikis.app\/en\/jobs-innerhalb-des-fcs\/\"> <span class=\"screen-reader-text\">? Jobs within the FC<\/span> Read More &raquo;<\/a><\/p>","protected":false},"author":1987,"featured_media":0,"parent":0,"menu_order":0,"comment_status":"closed","ping_status":"closed","template":"","meta":{"footnotes":""},"wf_page_folders":[42],"class_list":["post-9562","page","type-page","status-publish","hentry"],"_links":{"self":[{"href":"http:\/\/de.shopper.picnicwikis.app\/en\/wp-json\/wp\/v2\/pages\/9562"}],"collection":[{"href":"http:\/\/de.shopper.picnicwikis.app\/en\/wp-json\/wp\/v2\/pages"}],"about":[{"href":"http:\/\/de.shopper.picnicwikis.app\/en\/wp-json\/wp\/v2\/types\/page"}],"author":[{"embeddable":true,"href":"http:\/\/de.shopper.picnicwikis.app\/en\/wp-json\/wp\/v2\/users\/1987"}],"replies":[{"embeddable":true,"href":"http:\/\/de.shopper.picnicwikis.app\/en\/wp-json\/wp\/v2\/comments?post=9562"}],"version-history":[{"count":35,"href":"http:\/\/de.shopper.picnicwikis.app\/en\/wp-json\/wp\/v2\/pages\/9562\/revisions"}],"predecessor-version":[{"id":10277,"href":"http:\/\/de.shopper.picnicwikis.app\/en\/wp-json\/wp\/v2\/pages\/9562\/revisions\/10277"}],"wp:attachment":[{"href":"http:\/\/de.shopper.picnicwikis.app\/en\/wp-json\/wp\/v2\/media?parent=9562"}],"wp:term":[{"taxonomy":"wf_page_folders","embeddable":true,"href":"http:\/\/de.shopper.picnicwikis.app\/en\/wp-json\/wp\/v2\/wf_page_folders?post=9562"}],"curies":[{"name":"wp","href":"https:\/\/api.w.org\/{rel}","templated":true}]}}